{"id":34,"date":"2024-04-19T19:28:13","date_gmt":"2024-04-19T19:28:13","guid":{"rendered":"https:\/\/vidrieriaelbosque.cl\/wordpress\/?page_id=34"},"modified":"2026-01-07T15:13:35","modified_gmt":"2026-01-07T15:13:35","slug":"servicio","status":"publish","type":"page","link":"https:\/\/vidrieriaelbosque.cl\/wordpress\/index.php\/servicio\/","title":{"rendered":"Servicios"},"content":{"rendered":"\n<h2 class=\"wp-block-heading\">Detalles<\/h2>\n\n\n\n<p>Dentro de la variedad de servicios que ofrecemos a nuestros clientes est\u00e1n las Ventanas de aluminio, Termopaneles, cierres de terrazas, instalaciones y reparaciones de vidrios, cristales o catedrales de ventanas y puertas,  reparaci\u00f3n de espejos de veh\u00edculos, ba\u00f1os, salas, dormitorios, adem\u00e1s de cubiertas de mesas, biselados, pulidos, perforaciones, enmarcaciones, Etc. Nuestros profesionales est\u00e1n altamente calificados en sus distintas \u00e1reas.<\/p>\n\n\n\n<p>&nbsp;<\/p>\n\n\n\n<div class=\"wp-block-columns is-layout-flex wp-container-core-columns-is-layout-1 wp-block-columns-is-layout-flex\">\n<div class=\"wp-block-column is-layout-flow wp-block-column-is-layout-flow\">\u00a0<\/div>\n<\/div>\n\n\n\n","protected":false},"excerpt":{"rendered":"<p>Detalles Dentro de la variedad de servicios que ofrecemos a nuestros clientes est\u00e1n las Ventanas de aluminio, Termopaneles, cierres de terrazas, instalaciones y reparaciones de vidrios, cristales o catedrales de ventanas y puertas, reparaci\u00f3n de espejos de veh\u00edculos, ba\u00f1os, salas, dormitorios, adem\u00e1s de cubiertas de mesas, biselados, pulidos, perforaciones, enmarcaciones, Etc. Nuestros profesionales est\u00e1n altamente &hellip; <\/p>\n<p class=\"link-more\"><a href=\"https:\/\/vidrieriaelbosque.cl\/wordpress\/index.php\/servicio\/\" class=\"more-link\">Continuar leyendo<span class=\"screen-reader-text\"> \u00abServicios\u00bb<\/span><\/a><\/p>\n","protected":false},"author":1,"featured_media":101,"parent":0,"menu_order":0,"comment_status":"closed","ping_status":"closed","template":"","meta":{"footnotes":""},"class_list":["post-34","page","type-page","status-publish","has-post-thumbnail","hentry"],"_links":{"self":[{"href":"https:\/\/vidrieriaelbosque.cl\/wordpress\/index.php\/wp-json\/wp\/v2\/pages\/34","targetHints":{"allow":["GET"]}}],"collection":[{"href":"https:\/\/vidrieriaelbosque.cl\/wordpress\/index.php\/wp-json\/wp\/v2\/pages"}],"about":[{"href":"https:\/\/vidrieriaelbosque.cl\/wordpress\/index.php\/wp-json\/wp\/v2\/types\/page"}],"author":[{"embeddable":true,"href":"https:\/\/vidrieriaelbosque.cl\/wordpress\/index.php\/wp-json\/wp\/v2\/users\/1"}],"replies":[{"embeddable":true,"href":"https:\/\/vidrieriaelbosque.cl\/wordpress\/index.php\/wp-json\/wp\/v2\/comments?post=34"}],"version-history":[{"count":21,"href":"https:\/\/vidrieriaelbosque.cl\/wordpress\/index.php\/wp-json\/wp\/v2\/pages\/34\/revisions"}],"predecessor-version":[{"id":308,"href":"https:\/\/vidrieriaelbosque.cl\/wordpress\/index.php\/wp-json\/wp\/v2\/pages\/34\/revisions\/308"}],"wp:featuredmedia":[{"embeddable":true,"href":"https:\/\/vidrieriaelbosque.cl\/wordpress\/index.php\/wp-json\/wp\/v2\/media\/101"}],"wp:attachment":[{"href":"https:\/\/vidrieriaelbosque.cl\/wordpress\/index.php\/wp-json\/wp\/v2\/media?parent=34"}],"curies":[{"name":"wp","href":"https:\/\/api.w.org\/{rel}","templated":true}]}}